{"id":2867,"date":"2021-12-19T20:49:56","date_gmt":"2021-12-19T20:49:56","guid":{"rendered":"https:\/\/www.aticelca.it\/1\/?page_id=2867"},"modified":"2026-04-03T15:56:50","modified_gmt":"2026-04-03T15:56:50","slug":"documentazione-richiesta","status":"publish","type":"page","link":"https:\/\/www.aticelca.it\/1\/riciclabilita-della-carta\/documentazione-richiesta\/","title":{"rendered":"Documentazione richiesta"},"content":{"rendered":"\n<style type=\"text\/css\" data-created_by=\"avia_inline_auto\" id=\"style-css-av-kxdp6qyd-a72f91ffb6d8096978785dbd565519a9\">\n#top .av-special-heading.av-kxdp6qyd-a72f91ffb6d8096978785dbd565519a9{\npadding-bottom:10px;\nfont-size:70px;\n}\nbody .av-special-heading.av-kxdp6qyd-a72f91ffb6d8096978785dbd565519a9 .av-special-heading-tag .heading-char{\nfont-size:25px;\n}\n#top #wrap_all .av-special-heading.av-kxdp6qyd-a72f91ffb6d8096978785dbd565519a9 .av-special-heading-tag{\nfont-size:70px;\n}\n.av-special-heading.av-kxdp6qyd-a72f91ffb6d8096978785dbd565519a9 .av-subheading{\nfont-size:15px;\n}\n\n@media only screen and (min-width: 480px) and (max-width: 767px){ \n#top #wrap_all .av-special-heading.av-kxdp6qyd-a72f91ffb6d8096978785dbd565519a9 .av-special-heading-tag{\nfont-size:0.8em;\n}\n}\n\n@media only screen and (max-width: 479px){ \n#top #wrap_all .av-special-heading.av-kxdp6qyd-a72f91ffb6d8096978785dbd565519a9 .av-special-heading-tag{\nfont-size:0.8em;\n}\n}\n<\/style>\n<div  class='av-special-heading av-kxdp6qyd-a72f91ffb6d8096978785dbd565519a9 av-special-heading-h1 blockquote modern-quote  avia-builder-el-0  el_before_av_textblock  avia-builder-el-first  av-thin-font av-inherit-size'><h1 class='av-special-heading-tag '  itemprop=\"headline\"  >Documentazione richiesta<strong>.<\/strong><\/h1><div class=\"special-heading-border\"><div class=\"special-heading-inner-border\"><\/div><\/div><\/div>\n<section  class='av_textblock_section av-kxdp8c5w-06a1888630d9a3b76e7e596bffb4d70a '   itemscope=\"itemscope\" itemtype=\"https:\/\/schema.org\/CreativeWork\" ><div class='avia_textblock'  itemprop=\"text\" ><h4><\/h4>\n<h4>Per richiedere la concessione all&#8217;uso del marchio RICICLABILE CON LA CARTA &#8211; ATICELCA 501 predisponi le seguenti informazioni:<\/h4>\n<p>1) Breve descrizione del materiale o prodotto (massimo 255 caratteri). <strong>Questa informazione apparir\u00e0 sul sito www.aticelca.it<\/strong>.<\/p>\n<p>2) Indicazione se il campione analizzato \u00e8 un materiale (foglio di carta o cartone che sar\u00e0 oggetto di successive trasformazioni), \u00e8 un prodotto non ancora usato (ovvero un oggetto finito, a prevalenza in carta, quale ad esempio un imballaggio non ancora riempito, un bicchiere non utilizzato, un tovagliolo di carta, etc.) o \u00e8 un prodotto il cui campione \u00e8 analizzato dopo il suo uso (ad esempio \u00e8 &#8216;usato&#8217; un imballaggio riempito e successivamente svuotato del suo contenuto).<\/p>\n<p>3) Breve descrizione della tipologia di carta o cartone di cui \u00e8 costituito il materiale o prodotto analizzato e la sua grammatura (ad esempio carta kraft bianchita da 100 grammi\/metro quadro, cartoncino multistrato riciclato da 250 grammi\/metro quadro, etc. Massimo 255 caratteri).<\/p>\n<p>4) Indicazione se il campione analizzato \u00e8 composto da carta o cartone ad alto spessore (ad esempio tubi e anime in cartone o altri manufatti con parete in carta o cartone superiore a 3 millimetri).<\/p>\n<p>5) Indicazione se il campione analizzato \u00e8 composto da carta o cartone che contengono fibre non vegetali (ad esempio fibre naturali di origine minerale o fibre artificiali quali fibre di vetro, carbonio, etc.).<\/p>\n<p>6) Indicazione se il campione analizzato \u00e8 composto da carta o cartone trattato resistente a umido.<\/p>\n<p>7) Indicazione se il campione analizzato \u00e8 composto da carta o cartone con un coating barrierante.<\/p>\n<p>8) Indicazione se il campione analizzato \u00e8 composto da carta o cartone spalmato (ad esempio carta o cartone trattato in superficie con paraffine, bitumi, cere, oli, etc.) \u2013 <strong>In alcuni casi queste carte non sono ammesse nella raccolta differenziata e quindi non possono accedere all\u2019uso del marchio<\/strong>.<\/p>\n<p>9) Indicazione se il campione analizzato \u00e8 composto da carta o cartone siliconato.<\/p>\n<p>10) Indicazione se il campione analizzato \u00e8 composto da carta o cartone stampato (ad esempio carta o cartone stampato con tecnologie di stampa quali offset, flexo, digitale).<\/p>\n<p>11) Indicazione se il campione analizzato \u00e8 composto da carta o cartone verniciato o laccato (ad esempio carta o cartone trattato con vernici, lacche, UV, etc.).<\/p>\n<p>12) Indica se il campione analizzato \u00e8 composto da carta termica (es. scontrini)*<\/p>\n<p>13) Indicazione se il campione analizzato \u00e8 composto da carta o cartone accoppiato con plastica o bioplastica (l&#8217;accoppiato \u00e8 anche detto poliaccoppiato o composito, ovvero un materiale composto da pi\u00f9 strati uniti tra loro e non separabili manualmente). Se il campione analizzato \u00e8 accoppiato fornire una breve descrizione delle tipologie di plastiche e\/o bioplastiche impiegate (massimo 255 caratteri) e la percentuale in peso di plastiche e\/o bioplastiche rispetto al peso totale del campione (arrotondare all&#8217;intero superiore).<\/p>\n<p>14) Indicazione se il campione analizzato \u00e8 composto, oltre alla carta o cartone, da altri componenti non cartacei (ad esempio una chiusura metallica, una finestra in plastica, una maniglia in stoffa, uno strato pelabile in plastica, un nastro adesivo in plastica, etc. Non sono inclusi in questa domanda gli strati non cartacei degli accoppiati (c.d. compositi)). Se il campione analizzato \u00e8 composto da componenti in altri materiali diversi da carta e cartone non separabili inserisci una breve descrizione delle tipologie di componenti non separabili impiegati (massimo 255 caratteri) e la percentuale in peso di componenti non separabili rispetto al peso totale del campione (arrotondare all&#8217;intero superiore).<\/p>\n<p>15) Indicazione se il campione analizzato \u00e8 metallizzato. Se il campione analizzato \u00e8 metallizzato, fornire la percentuale in peso di metallo rispetto al peso totale del campione (arrotondare all&#8217;intero superiore).<\/p>\n<p>16) Indicazione se il campione analizzato contiene colle o adesivi (ad esempio un oggetto in carta o cartone con punti di colla, bordi adesivi, carta accoppiata con plastica per mezzo di una sostanza adesiva, con etc.) Se il campione analizzato contiene colle o adesivi fornire una breve descrizione delle tipologie di colle e adesivi impiegati (usa al massimo 255 caratteri) e la percentuale in peso di colle e adesivi rispetto al peso totale del campione (arrotondare all&#8217;intero superiore).<\/p>\n<p>17) Indica se il campione analizzato \u00e8 un prodotto che contiene sostanze classificate come estremamente preoccupanti (SVHC) oltre lo 0,1% in peso o se \u00e8 un imballaggio destinato a contenere sostanze estremamente preoccupanti (SVHC) o se contiene sostanze alchiliche perfluorurate e polifluorurate (PFAS) intenzionalmente aggiunte o se contiene Bisfenolo A (BPA) e Bisfenolo S (BPS) intenzionalmente aggiunti o se contiene paraffine, bitumi, cere, oli di origine minerale intenzionalmente aggiunti \u2013 <strong>Queste carte non sono ammesse nella raccolta differenziata e quindi non possono accedere all\u2019uso del marchio<\/strong>.<\/p>\n<p>18) Fotografia in formato JPG o PNG del campione del materiale o prodotto per il quale \u00e8 richiesta la concessione all&#8217;uso del marchio (il formato consentito \u00e8 unicamente JPG o PNG e la dimensione massima del file \u00e8 di 2Mb). <strong>Questa informazione apparir\u00e0 sul sito www.aticelca.it<\/strong>.<\/p>\n<p>19) Indicazione del laboratorio presso cui hai eseguito l&#8217;analisi.<\/p>\n<p>20) Inserisci il numero dell&#8217;attestato di valutazione rilasciato dal laboratorio e relativo al campione analizzato. Inserisci un solo numero di analisi. Una concessione pu\u00f2 riferirsi unicamente a un singolo attestato di valutazione. Trovi il numero nell&#8217;attestato rilasciato dal laboratorio. A seconda del laboratorio l&#8217;attestato \u00e8 chiamato &#8220;resoconto di valutazione&#8221;, &#8220;rapporto di prova&#8221; o &#8220;relazione tecnica&#8221;. I formati ammessi, a seconda del laboratorio, sono: Centro Qualit\u00e0 Carta: 000\/0000; Chelab-Merieux: 00\/000000000; CSI: 0000\/FPM\/RECY\/00; Ecolstudio: 00AA00000; Food Contact Center: FC000000.00; Innovhub: S-SSCCP-0000000 o S-ISSI-0000000, Itene: IE00-0000. Se \u00e8 presente una revisione, aggiungi dopo il numero dell&#8217;attestato la scritta: Rev0, con 0 la cifra da 1 a 9 della revisione, ad esempio 000\/0000 Rev1).<\/p>\n<p>21) Descrizione del campione riportata nell&#8217;attestato di valutazione rilasciato dal laboratorio e relativo al campione analizzato (massimo 255 caratteri).<\/p>\n<p>22) Valore medio di scarto grossolano riportato nell&#8217;attestato di valutazione, espresso in percentuale (solo numeri, la virgola come separatore del decimale e al massimo 1 cifra decimale).<\/p>\n<p>23) Valore medio dell&#8217;area di particelle adesive \u00f8 &lt; 2000 \u03bcm (macrostickies) riportato nell&#8217;attestato di valutazione, espresso in mm2\/kg (solo numeri interi).<\/p>\n<p>24) Valore medio di fiocchi di fibre riportato nell&#8217;attestato di valutazione, espresso in percentuale (solo numeri, la virgola come separatore del decimale e al massimo 1 cifra decimale)<\/p>\n<p>25) Valore medio di adesivit\u00e0 riportato nell&#8217;attestato di valutazione.<\/p>\n<p>26) Valore medio di disomogeneit\u00e0 ottica riportato nell&#8217;attestato di valutazione.<\/p>\n<p>27) Livello di riciclabilit\u00e0 raggiunto dal campione analizzato riportato nell&#8217;attestato di valutazione. <strong>Questa informazione apparir\u00e0 sul sito www.aticelca.it<\/strong>.<\/p>\n<p>28) Copia dell&#8217;attestato di valutazione di valutazione, in formato PDF, redatto dal laboratorio relativo al campione del materiale o prodotto per il quale richiedi la concessione all&#8217;uso del marchio. Attenzione, se l&#8217;attestato non \u00e8 intestato alla tua azienda, il file deve contenere anche una dichiarazione da parte dell&#8217;intestatario dell&#8217;analisi contenente il nulla osta a utilizzare l&#8217;analisi (il formato consentito \u00e8 unicamente PDF e la dimensione massima del file \u00e8 di 2Mb).<\/p>\n<p>29) Copia del bonifico per l&#8217;importo del pacchetto richiesto, comprensivo di IVA, in formato PDF (il formato consentito \u00e8 unicamente PDF e la dimensione massima del file \u00e8 di 2Mb). <a href=\"https:\/\/www.aticelca.it\/1\/modalita-di-pagamento\/\">Trovi qui le istruzioni per effettuare il pagamento<\/a>.<\/p>\n<\/div><\/section>\n","protected":false},"excerpt":{"rendered":"","protected":false},"author":1,"featured_media":0,"parent":509,"menu_order":8,"comment_status":"closed","ping_status":"closed","template":"","meta":{"footnotes":""},"class_list":["post-2867","page","type-page","status-publish","hentry"],"yoast_head":"<!-- This site is optimized with the Yoast SEO plugin v25.5 - https:\/\/yoast.com\/wordpress\/plugins\/seo\/ -->\n<title>Documentazione richiesta - Aticelca<\/title>\n<meta name=\"robots\" content=\"index, follow, max-snippet:-1, max-image-preview:large, max-video-preview:-1\" \/>\n<link rel=\"canonical\" href=\"https:\/\/www.aticelca.it\/1\/riciclabilita-della-carta\/documentazione-richiesta\/\" \/>\n<meta property=\"og:locale\" content=\"it_IT\" \/>\n<meta property=\"og:type\" content=\"article\" \/>\n<meta property=\"og:title\" content=\"Documentazione richiesta - Aticelca\" \/>\n<meta property=\"og:url\" content=\"https:\/\/www.aticelca.it\/1\/riciclabilita-della-carta\/documentazione-richiesta\/\" \/>\n<meta property=\"og:site_name\" content=\"Aticelca\" \/>\n<meta property=\"article:modified_time\" content=\"2026-04-03T15:56:50+00:00\" \/>\n<meta name=\"twitter:card\" content=\"summary_large_image\" \/>\n<script type=\"application\/ld+json\" class=\"yoast-schema-graph\">{\"@context\":\"https:\/\/schema.org\",\"@graph\":[{\"@type\":\"WebPage\",\"@id\":\"https:\/\/www.aticelca.it\/1\/riciclabilita-della-carta\/documentazione-richiesta\/\",\"url\":\"https:\/\/www.aticelca.it\/1\/riciclabilita-della-carta\/documentazione-richiesta\/\",\"name\":\"Documentazione richiesta - Aticelca\",\"isPartOf\":{\"@id\":\"https:\/\/www.aticelca.it\/1\/#website\"},\"datePublished\":\"2021-12-19T20:49:56+00:00\",\"dateModified\":\"2026-04-03T15:56:50+00:00\",\"breadcrumb\":{\"@id\":\"https:\/\/www.aticelca.it\/1\/riciclabilita-della-carta\/documentazione-richiesta\/#breadcrumb\"},\"inLanguage\":\"it-IT\",\"potentialAction\":[{\"@type\":\"ReadAction\",\"target\":[\"https:\/\/www.aticelca.it\/1\/riciclabilita-della-carta\/documentazione-richiesta\/\"]}]},{\"@type\":\"BreadcrumbList\",\"@id\":\"https:\/\/www.aticelca.it\/1\/riciclabilita-della-carta\/documentazione-richiesta\/#breadcrumb\",\"itemListElement\":[{\"@type\":\"ListItem\",\"position\":1,\"name\":\"Home\",\"item\":\"https:\/\/www.aticelca.it\/1\/network-dei-tecnici-della-carta-e-del-riciclo\/\"},{\"@type\":\"ListItem\",\"position\":2,\"name\":\"Riciclabilit\u00e0 della carta\",\"item\":\"https:\/\/www.aticelca.it\/1\/riciclabilita-della-carta\/\"},{\"@type\":\"ListItem\",\"position\":3,\"name\":\"Documentazione richiesta\"}]},{\"@type\":\"WebSite\",\"@id\":\"https:\/\/www.aticelca.it\/1\/#website\",\"url\":\"https:\/\/www.aticelca.it\/1\/\",\"name\":\"Aticelca\",\"description\":\"L&#039;associazione dei tecnici cartari italiani\",\"publisher\":{\"@id\":\"https:\/\/www.aticelca.it\/1\/#organization\"},\"potentialAction\":[{\"@type\":\"SearchAction\",\"target\":{\"@type\":\"EntryPoint\",\"urlTemplate\":\"https:\/\/www.aticelca.it\/1\/?s={search_term_string}\"},\"query-input\":{\"@type\":\"PropertyValueSpecification\",\"valueRequired\":true,\"valueName\":\"search_term_string\"}}],\"inLanguage\":\"it-IT\"},{\"@type\":\"Organization\",\"@id\":\"https:\/\/www.aticelca.it\/1\/#organization\",\"name\":\"Aticelca\",\"url\":\"https:\/\/www.aticelca.it\/1\/\",\"logo\":{\"@type\":\"ImageObject\",\"inLanguage\":\"it-IT\",\"@id\":\"https:\/\/www.aticelca.it\/1\/#\/schema\/logo\/image\/\",\"url\":\"https:\/\/www.aticelca.it\/1\/wp-content\/uploads\/2019\/07\/Aticelca.jpg\",\"contentUrl\":\"https:\/\/www.aticelca.it\/1\/wp-content\/uploads\/2019\/07\/Aticelca.jpg\",\"width\":1890,\"height\":1417,\"caption\":\"Aticelca\"},\"image\":{\"@id\":\"https:\/\/www.aticelca.it\/1\/#\/schema\/logo\/image\/\"}}]}<\/script>\n<!-- \/ Yoast SEO plugin. -->","yoast_head_json":{"title":"Documentazione richiesta - Aticelca","robots":{"index":"index","follow":"follow","max-snippet":"max-snippet:-1","max-image-preview":"max-image-preview:large","max-video-preview":"max-video-preview:-1"},"canonical":"https:\/\/www.aticelca.it\/1\/riciclabilita-della-carta\/documentazione-richiesta\/","og_locale":"it_IT","og_type":"article","og_title":"Documentazione richiesta - Aticelca","og_url":"https:\/\/www.aticelca.it\/1\/riciclabilita-della-carta\/documentazione-richiesta\/","og_site_name":"Aticelca","article_modified_time":"2026-04-03T15:56:50+00:00","twitter_card":"summary_large_image","schema":{"@context":"https:\/\/schema.org","@graph":[{"@type":"WebPage","@id":"https:\/\/www.aticelca.it\/1\/riciclabilita-della-carta\/documentazione-richiesta\/","url":"https:\/\/www.aticelca.it\/1\/riciclabilita-della-carta\/documentazione-richiesta\/","name":"Documentazione richiesta - Aticelca","isPartOf":{"@id":"https:\/\/www.aticelca.it\/1\/#website"},"datePublished":"2021-12-19T20:49:56+00:00","dateModified":"2026-04-03T15:56:50+00:00","breadcrumb":{"@id":"https:\/\/www.aticelca.it\/1\/riciclabilita-della-carta\/documentazione-richiesta\/#breadcrumb"},"inLanguage":"it-IT","potentialAction":[{"@type":"ReadAction","target":["https:\/\/www.aticelca.it\/1\/riciclabilita-della-carta\/documentazione-richiesta\/"]}]},{"@type":"BreadcrumbList","@id":"https:\/\/www.aticelca.it\/1\/riciclabilita-della-carta\/documentazione-richiesta\/#breadcrumb","itemListElement":[{"@type":"ListItem","position":1,"name":"Home","item":"https:\/\/www.aticelca.it\/1\/network-dei-tecnici-della-carta-e-del-riciclo\/"},{"@type":"ListItem","position":2,"name":"Riciclabilit\u00e0 della carta","item":"https:\/\/www.aticelca.it\/1\/riciclabilita-della-carta\/"},{"@type":"ListItem","position":3,"name":"Documentazione richiesta"}]},{"@type":"WebSite","@id":"https:\/\/www.aticelca.it\/1\/#website","url":"https:\/\/www.aticelca.it\/1\/","name":"Aticelca","description":"L&#039;associazione dei tecnici cartari italiani","publisher":{"@id":"https:\/\/www.aticelca.it\/1\/#organization"},"potentialAction":[{"@type":"SearchAction","target":{"@type":"EntryPoint","urlTemplate":"https:\/\/www.aticelca.it\/1\/?s={search_term_string}"},"query-input":{"@type":"PropertyValueSpecification","valueRequired":true,"valueName":"search_term_string"}}],"inLanguage":"it-IT"},{"@type":"Organization","@id":"https:\/\/www.aticelca.it\/1\/#organization","name":"Aticelca","url":"https:\/\/www.aticelca.it\/1\/","logo":{"@type":"ImageObject","inLanguage":"it-IT","@id":"https:\/\/www.aticelca.it\/1\/#\/schema\/logo\/image\/","url":"https:\/\/www.aticelca.it\/1\/wp-content\/uploads\/2019\/07\/Aticelca.jpg","contentUrl":"https:\/\/www.aticelca.it\/1\/wp-content\/uploads\/2019\/07\/Aticelca.jpg","width":1890,"height":1417,"caption":"Aticelca"},"image":{"@id":"https:\/\/www.aticelca.it\/1\/#\/schema\/logo\/image\/"}}]}},"_links":{"self":[{"href":"https:\/\/www.aticelca.it\/1\/wp-json\/wp\/v2\/pages\/2867"}],"collection":[{"href":"https:\/\/www.aticelca.it\/1\/wp-json\/wp\/v2\/pages"}],"about":[{"href":"https:\/\/www.aticelca.it\/1\/wp-json\/wp\/v2\/types\/page"}],"author":[{"embeddable":true,"href":"https:\/\/www.aticelca.it\/1\/wp-json\/wp\/v2\/users\/1"}],"replies":[{"embeddable":true,"href":"https:\/\/www.aticelca.it\/1\/wp-json\/wp\/v2\/comments?post=2867"}],"version-history":[{"count":10,"href":"https:\/\/www.aticelca.it\/1\/wp-json\/wp\/v2\/pages\/2867\/revisions"}],"predecessor-version":[{"id":2914,"href":"https:\/\/www.aticelca.it\/1\/wp-json\/wp\/v2\/pages\/2867\/revisions\/2914"}],"up":[{"embeddable":true,"href":"https:\/\/www.aticelca.it\/1\/wp-json\/wp\/v2\/pages\/509"}],"wp:attachment":[{"href":"https:\/\/www.aticelca.it\/1\/wp-json\/wp\/v2\/media?parent=2867"}],"curies":[{"name":"wp","href":"https:\/\/api.w.org\/{rel}","templated":true}]}}