{"id":2422,"date":"2021-03-13T08:57:41","date_gmt":"2021-03-13T08:57:41","guid":{"rendered":"https:\/\/www.aticelca.it\/1\/?page_id=2422"},"modified":"2026-02-18T15:24:57","modified_gmt":"2026-02-18T15:24:57","slug":"diventa-sponsor","status":"publish","type":"page","link":"https:\/\/www.aticelca.it\/1\/congresso-annuale\/diventa-sponsor\/","title":{"rendered":"Diventa sponsor del Congresso"},"content":{"rendered":"<div id='av_section_1'  class='avia-section av-75rhd6-3c6d4985f9df7520db70b6479a64d698 main_color avia-section-large avia-no-border-styling  avia-builder-el-0  el_before_av_one_half  avia-builder-el-first  avia-bg-style-scroll container_wrap sidebar_right'  ><div class='container av-section-cont-open' ><main  role=\"main\" itemprop=\"mainContentOfPage\"  class='template-page content  av-content-small alpha units'><div class='post-entry post-entry-type-page post-entry-2422'><div class='entry-content-wrapper clearfix'>\n\n<style type=\"text\/css\" data-created_by=\"avia_inline_auto\" id=\"style-css-av-k1cly1ga-ad863aaede3bb545eccbb233c105b67b\">\n#top .av-special-heading.av-k1cly1ga-ad863aaede3bb545eccbb233c105b67b{\npadding-bottom:30px;\nfont-size:70px;\n}\nbody .av-special-heading.av-k1cly1ga-ad863aaede3bb545eccbb233c105b67b .av-special-heading-tag .heading-char{\nfont-size:25px;\n}\n#top #wrap_all .av-special-heading.av-k1cly1ga-ad863aaede3bb545eccbb233c105b67b .av-special-heading-tag{\nfont-size:70px;\n}\n.av-special-heading.av-k1cly1ga-ad863aaede3bb545eccbb233c105b67b .av-subheading{\nfont-size:15px;\n}\n\n@media only screen and (min-width: 480px) and (max-width: 767px){ \n#top #wrap_all .av-special-heading.av-k1cly1ga-ad863aaede3bb545eccbb233c105b67b .av-special-heading-tag{\nfont-size:0.8em;\n}\n}\n\n@media only screen and (max-width: 479px){ \n#top #wrap_all .av-special-heading.av-k1cly1ga-ad863aaede3bb545eccbb233c105b67b .av-special-heading-tag{\nfont-size:0.8em;\n}\n}\n<\/style>\n<div  class='av-special-heading av-k1cly1ga-ad863aaede3bb545eccbb233c105b67b av-special-heading-h1 blockquote modern-quote  avia-builder-el-1  el_before_av_image  avia-builder-el-first  av-thin-font av-inherit-size av-linked-heading'><h1 class='av-special-heading-tag '  itemprop=\"headline\"  >Diventa sponsor del congresso 2026<strong>.<\/strong><\/h1><div class=\"special-heading-border\"><div class=\"special-heading-inner-border\"><\/div><\/div><\/div>\n\n<style type=\"text\/css\" data-created_by=\"avia_inline_auto\" id=\"style-css-av-m6ux0g8d-0fd35412d29c83221f89058e66fc616e\">\n.avia-image-container.av-m6ux0g8d-0fd35412d29c83221f89058e66fc616e img.avia_image{\nbox-shadow:none;\n}\n.avia-image-container.av-m6ux0g8d-0fd35412d29c83221f89058e66fc616e .av-image-caption-overlay-center{\ncolor:#ffffff;\n}\n<\/style>\n<div  class='avia-image-container av-m6ux0g8d-0fd35412d29c83221f89058e66fc616e av-styling- avia_animated_image av-animated-when-visible-95 fade-in avia-align-center  avia-builder-el-2  el_after_av_heading  avia-builder-el-last '   itemprop=\"image\" itemscope=\"itemscope\" itemtype=\"https:\/\/schema.org\/ImageObject\" ><div class=\"avia-image-container-inner\"><div class=\"avia-image-overlay-wrap\"><img decoding=\"async\" fetchpriority=\"high\" class='wp-image-6148 avia-img-lazy-loading-not-6148 avia_image ' src=\"https:\/\/www.aticelca.it\/1\/wp-content\/uploads\/2026\/02\/proposte-sponsorizzazione-CONGRESSO-2026-1030x579.png\" alt='' title='proposte-sponsorizzazione-CONGRESSO-2026'  height=\"579\" width=\"1030\"  itemprop=\"thumbnailUrl\" srcset=\"https:\/\/www.aticelca.it\/1\/wp-content\/uploads\/2026\/02\/proposte-sponsorizzazione-CONGRESSO-2026-1030x579.png 1030w, https:\/\/www.aticelca.it\/1\/wp-content\/uploads\/2026\/02\/proposte-sponsorizzazione-CONGRESSO-2026-300x169.png 300w, https:\/\/www.aticelca.it\/1\/wp-content\/uploads\/2026\/02\/proposte-sponsorizzazione-CONGRESSO-2026-768x432.png 768w, https:\/\/www.aticelca.it\/1\/wp-content\/uploads\/2026\/02\/proposte-sponsorizzazione-CONGRESSO-2026-1536x864.png 1536w, https:\/\/www.aticelca.it\/1\/wp-content\/uploads\/2026\/02\/proposte-sponsorizzazione-CONGRESSO-2026-1500x844.png 1500w, https:\/\/www.aticelca.it\/1\/wp-content\/uploads\/2026\/02\/proposte-sponsorizzazione-CONGRESSO-2026-705x397.png 705w, https:\/\/www.aticelca.it\/1\/wp-content\/uploads\/2026\/02\/proposte-sponsorizzazione-CONGRESSO-2026.png 1920w\" sizes=\"(max-width: 1030px) 100vw, 1030px\" \/><\/div><\/div><\/div>\n<\/div><\/div><\/main><!-- close content main element --><\/div><\/div><div id='after_section_1'  class='main_color av_default_container_wrap container_wrap sidebar_right'  ><div class='container av-section-cont-open' ><div class='template-page content  av-content-small alpha units'><div class='post-entry post-entry-type-page post-entry-2422'><div class='entry-content-wrapper clearfix'>\n\n<style type=\"text\/css\" data-created_by=\"avia_inline_auto\" id=\"style-css-av-6bz546-e7ed69ae1f158181fd517c1bf2c9e376\">\n.flex_column.av-6bz546-e7ed69ae1f158181fd517c1bf2c9e376{\nborder-radius:0px 0px 0px 0px;\npadding:0px 0px 0px 0px;\n}\n<\/style>\n<div  class='flex_column av-6bz546-e7ed69ae1f158181fd517c1bf2c9e376 av_one_half  avia-builder-el-3  el_after_av_section  el_before_av_one_half  avia-builder-el-first  first flex_column_div av-zero-column-padding  '     ><div  class='avia-button-wrap avia-button-center  avia-builder-el-4  avia-builder-el-no-sibling '>\n<style type=\"text\/css\" data-created_by=\"avia_inline_auto\" id=\"style-css-av-lp0y5y2x-e01896aae91c0b38a7a59ccd4f9b2a88\">\n#top #wrap_all .avia-button.av-lp0y5y2x-e01896aae91c0b38a7a59ccd4f9b2a88:hover{\ncolor:white;\ntransition:all 0.4s ease-in-out;\n}\n#top #wrap_all .avia-button.av-lp0y5y2x-e01896aae91c0b38a7a59ccd4f9b2a88:hover .avia-svg-icon svg:first-child{\nfill:white;\nstroke:white;\n}\n<\/style>\n<a href='https:\/\/www.aticelca.it\/1\/wp-content\/uploads\/2026\/02\/proposte-sponsorizzazione-CONGRESSO-2026-A.pdf' class='avia-color-theme-color avia-font-color-theme-color avia-button avia-button-fullwidth av-lp0y5y2x-e01896aae91c0b38a7a59ccd4f9b2a88 avia-icon_select-yes-left-icon avia-color-theme-color'  target=\"_blank\"  rel=\"noopener noreferrer\"  aria-label=\"PROPOSTE DI SPONSORIZZAZIONE\"><span class='avia_button_icon avia_button_icon_left avia-iconfont avia-font-entypo-fontello' data-av_icon='\ue835' data-av_iconfont='entypo-fontello' ><\/span><span class='avia_iconbox_title' >PROPOSTE DI SPONSORIZZAZIONE<\/span><span class='avia_button_background avia-button avia-button-fullwidth avia-color-theme-color-highlight'><\/span><\/a><\/div><\/div>\n\n<style type=\"text\/css\" data-created_by=\"avia_inline_auto\" id=\"style-css-av-80jo6-fa59a3a0a171015c36db3500f2e5ced4\">\n.flex_column.av-80jo6-fa59a3a0a171015c36db3500f2e5ced4{\nborder-radius:0px 0px 0px 0px;\npadding:0px 0px 0px 0px;\n}\n<\/style>\n<div  class='flex_column av-80jo6-fa59a3a0a171015c36db3500f2e5ced4 av_one_half  avia-builder-el-5  el_after_av_one_half  el_before_av_hr  flex_column_div av-zero-column-padding  '     ><div  class='avia-button-wrap avia-button-center  avia-builder-el-6  avia-builder-el-no-sibling '>\n<style type=\"text\/css\" data-created_by=\"avia_inline_auto\" id=\"style-css-av-m6yt8tjo-4a0fb9b45eeda7318903ec6d5f8138d7\">\n#top #wrap_all .avia-button.av-m6yt8tjo-4a0fb9b45eeda7318903ec6d5f8138d7:hover{\ncolor:white;\ntransition:all 0.4s ease-in-out;\n}\n#top #wrap_all .avia-button.av-m6yt8tjo-4a0fb9b45eeda7318903ec6d5f8138d7:hover .avia-svg-icon svg:first-child{\nfill:white;\nstroke:white;\n}\n<\/style>\n<a href='https:\/\/www.aticelca.it\/1\/wp-content\/uploads\/2026\/02\/sponsorship-proposal-CONGRESS-2026-A.pdf' class='avia-color-theme-color avia-font-color-theme-color avia-button avia-button-fullwidth av-m6yt8tjo-4a0fb9b45eeda7318903ec6d5f8138d7 avia-icon_select-yes-left-icon avia-color-theme-color'  target=\"_blank\"  rel=\"noopener noreferrer\"  aria-label=\"SPONSORSHIP PROPOSALS\"><span class='avia_button_icon avia_button_icon_left avia-iconfont avia-font-entypo-fontello' data-av_icon='\ue835' data-av_iconfont='entypo-fontello' ><\/span><span class='avia_iconbox_title' >SPONSORSHIP PROPOSALS<\/span><span class='avia_button_background avia-button avia-button-fullwidth avia-color-theme-color-highlight'><\/span><\/a><\/div><\/div><div  class='hr av-btxnq-b428f9a4ca53766480a728db9c48051d hr-default  avia-builder-el-7  el_after_av_one_half  el_before_av_textblock '><span class='hr-inner '><span class=\"hr-inner-style\"><\/span><\/span><\/div><\/p>\n<section  class='av_textblock_section av-loy8pqnu-02daa00930f04501637705bff757a73e '   itemscope=\"itemscope\" itemtype=\"https:\/\/schema.org\/CreativeWork\" ><div class='avia_textblock'  itemprop=\"text\" ><p><strong>Nel caso foste interessati a una delle soluzioni di sponsorizzazione, Vi invitiamo a inoltrare la richiesta entro met\u00e0 marzo al fine di poter apparire tra i sostenitori del congresso fin dalla prima diffusione del programma.\u00a0<\/strong><\/p>\n<p>Segnaliamo che pranzi e coffee break prevedono uno sponsor unico, assegnati sulla base dell\u2019ordine temporale di arrivo delle domande. La cena prevede invece la possibilit\u00e0 di avere pi\u00f9 sponsor non direttamente concorrenti. Nel caso pervengano pi\u00f9 richieste di sponsorizzazione per la cena, verranno applicati sconti in funzione del numero di sponsor. Nel caso le richieste pervengano da aziende concorrenti le stesse verranno valutate sulla base dell\u2019ordine temporale di arrivo.<br \/>\nLe altre proposte di sponsorizzazioni non hanno vincoli.<\/p>\n<p>Anche quest\u2019anno, inclusa nella quota\u00a0<strong>MAIN SPONSOR e SPONSOR DELLA CENA SOCIALE<\/strong>, \u00e8 prevista la realizzazione di due paper cubes con logo dell\u2019azienda che verranno posizionati nell\u2019area antistante la sala del congresso.<\/p>\n<p>Ci sar\u00e0, inoltre, la possibilit\u00e0 di pubblicare un breve video promozionale nella pagina dedicata agli\u00a0<a href=\"http:\/\/www.aticelca.it\/1\/congresso-annuale\/gli-sponsor\/\" target=\"_blank\" rel=\"noopener\">sponsor del Congresso<\/a>\u00a0sul nostro\u00a0sito.<\/p>\n<p>Siamo a disposizione per maggiori informazioni.<\/p>\n<p><a href=\"https:\/\/www.aticelca.it\/1\/wp-content\/uploads\/2026\/02\/proposte-sponsorizzazione-CONGRESSO-2026-A.pdf\">proposte sponsorizzazione CONGRESSO 2026 A<\/a><\/p>\n<p><a href=\"https:\/\/www.aticelca.it\/1\/wp-content\/uploads\/2026\/02\/sponsorship-proposal-CONGRESS-2026-A.pdf\">sponsorship proposal CONGRESS 2026 A<\/a><\/p>\n<\/div><\/section>\n","protected":false},"excerpt":{"rendered":"","protected":false},"author":1,"featured_media":0,"parent":1419,"menu_order":0,"comment_status":"closed","ping_status":"closed","template":"","meta":{"footnotes":""},"class_list":["post-2422","page","type-page","status-publish","hentry"],"yoast_head":"<!-- This site is optimized with the Yoast SEO plugin v25.5 - https:\/\/yoast.com\/wordpress\/plugins\/seo\/ -->\n<title>Diventa sponsor del Congresso - Aticelca<\/title>\n<meta name=\"robots\" content=\"index, follow, max-snippet:-1, max-image-preview:large, max-video-preview:-1\" \/>\n<link rel=\"canonical\" href=\"https:\/\/www.aticelca.it\/1\/congresso-annuale\/diventa-sponsor\/\" \/>\n<meta property=\"og:locale\" content=\"it_IT\" \/>\n<meta property=\"og:type\" content=\"article\" \/>\n<meta property=\"og:title\" content=\"Diventa sponsor del Congresso - Aticelca\" \/>\n<meta property=\"og:url\" content=\"https:\/\/www.aticelca.it\/1\/congresso-annuale\/diventa-sponsor\/\" \/>\n<meta property=\"og:site_name\" content=\"Aticelca\" \/>\n<meta property=\"article:modified_time\" content=\"2026-02-18T15:24:57+00:00\" \/>\n<meta name=\"twitter:card\" content=\"summary_large_image\" \/>\n<meta name=\"twitter:label1\" content=\"Tempo di lettura stimato\" \/>\n\t<meta name=\"twitter:data1\" content=\"2 minuti\" \/>\n<script type=\"application\/ld+json\" class=\"yoast-schema-graph\">{\"@context\":\"https:\/\/schema.org\",\"@graph\":[{\"@type\":\"WebPage\",\"@id\":\"https:\/\/www.aticelca.it\/1\/congresso-annuale\/diventa-sponsor\/\",\"url\":\"https:\/\/www.aticelca.it\/1\/congresso-annuale\/diventa-sponsor\/\",\"name\":\"Diventa sponsor del Congresso - Aticelca\",\"isPartOf\":{\"@id\":\"https:\/\/www.aticelca.it\/1\/#website\"},\"datePublished\":\"2021-03-13T08:57:41+00:00\",\"dateModified\":\"2026-02-18T15:24:57+00:00\",\"breadcrumb\":{\"@id\":\"https:\/\/www.aticelca.it\/1\/congresso-annuale\/diventa-sponsor\/#breadcrumb\"},\"inLanguage\":\"it-IT\",\"potentialAction\":[{\"@type\":\"ReadAction\",\"target\":[\"https:\/\/www.aticelca.it\/1\/congresso-annuale\/diventa-sponsor\/\"]}]},{\"@type\":\"BreadcrumbList\",\"@id\":\"https:\/\/www.aticelca.it\/1\/congresso-annuale\/diventa-sponsor\/#breadcrumb\",\"itemListElement\":[{\"@type\":\"ListItem\",\"position\":1,\"name\":\"Home\",\"item\":\"https:\/\/www.aticelca.it\/1\/network-dei-tecnici-della-carta-e-del-riciclo\/\"},{\"@type\":\"ListItem\",\"position\":2,\"name\":\"Congresso annuale\",\"item\":\"https:\/\/www.aticelca.it\/1\/congresso-annuale\/\"},{\"@type\":\"ListItem\",\"position\":3,\"name\":\"Diventa sponsor del Congresso\"}]},{\"@type\":\"WebSite\",\"@id\":\"https:\/\/www.aticelca.it\/1\/#website\",\"url\":\"https:\/\/www.aticelca.it\/1\/\",\"name\":\"Aticelca\",\"description\":\"L&#039;associazione dei tecnici cartari italiani\",\"publisher\":{\"@id\":\"https:\/\/www.aticelca.it\/1\/#organization\"},\"potentialAction\":[{\"@type\":\"SearchAction\",\"target\":{\"@type\":\"EntryPoint\",\"urlTemplate\":\"https:\/\/www.aticelca.it\/1\/?s={search_term_string}\"},\"query-input\":{\"@type\":\"PropertyValueSpecification\",\"valueRequired\":true,\"valueName\":\"search_term_string\"}}],\"inLanguage\":\"it-IT\"},{\"@type\":\"Organization\",\"@id\":\"https:\/\/www.aticelca.it\/1\/#organization\",\"name\":\"Aticelca\",\"url\":\"https:\/\/www.aticelca.it\/1\/\",\"logo\":{\"@type\":\"ImageObject\",\"inLanguage\":\"it-IT\",\"@id\":\"https:\/\/www.aticelca.it\/1\/#\/schema\/logo\/image\/\",\"url\":\"https:\/\/www.aticelca.it\/1\/wp-content\/uploads\/2019\/07\/Aticelca.jpg\",\"contentUrl\":\"https:\/\/www.aticelca.it\/1\/wp-content\/uploads\/2019\/07\/Aticelca.jpg\",\"width\":1890,\"height\":1417,\"caption\":\"Aticelca\"},\"image\":{\"@id\":\"https:\/\/www.aticelca.it\/1\/#\/schema\/logo\/image\/\"}}]}<\/script>\n<!-- \/ Yoast SEO plugin. -->","yoast_head_json":{"title":"Diventa sponsor del Congresso - Aticelca","robots":{"index":"index","follow":"follow","max-snippet":"max-snippet:-1","max-image-preview":"max-image-preview:large","max-video-preview":"max-video-preview:-1"},"canonical":"https:\/\/www.aticelca.it\/1\/congresso-annuale\/diventa-sponsor\/","og_locale":"it_IT","og_type":"article","og_title":"Diventa sponsor del Congresso - Aticelca","og_url":"https:\/\/www.aticelca.it\/1\/congresso-annuale\/diventa-sponsor\/","og_site_name":"Aticelca","article_modified_time":"2026-02-18T15:24:57+00:00","twitter_card":"summary_large_image","twitter_misc":{"Tempo di lettura stimato":"2 minuti"},"schema":{"@context":"https:\/\/schema.org","@graph":[{"@type":"WebPage","@id":"https:\/\/www.aticelca.it\/1\/congresso-annuale\/diventa-sponsor\/","url":"https:\/\/www.aticelca.it\/1\/congresso-annuale\/diventa-sponsor\/","name":"Diventa sponsor del Congresso - Aticelca","isPartOf":{"@id":"https:\/\/www.aticelca.it\/1\/#website"},"datePublished":"2021-03-13T08:57:41+00:00","dateModified":"2026-02-18T15:24:57+00:00","breadcrumb":{"@id":"https:\/\/www.aticelca.it\/1\/congresso-annuale\/diventa-sponsor\/#breadcrumb"},"inLanguage":"it-IT","potentialAction":[{"@type":"ReadAction","target":["https:\/\/www.aticelca.it\/1\/congresso-annuale\/diventa-sponsor\/"]}]},{"@type":"BreadcrumbList","@id":"https:\/\/www.aticelca.it\/1\/congresso-annuale\/diventa-sponsor\/#breadcrumb","itemListElement":[{"@type":"ListItem","position":1,"name":"Home","item":"https:\/\/www.aticelca.it\/1\/network-dei-tecnici-della-carta-e-del-riciclo\/"},{"@type":"ListItem","position":2,"name":"Congresso annuale","item":"https:\/\/www.aticelca.it\/1\/congresso-annuale\/"},{"@type":"ListItem","position":3,"name":"Diventa sponsor del Congresso"}]},{"@type":"WebSite","@id":"https:\/\/www.aticelca.it\/1\/#website","url":"https:\/\/www.aticelca.it\/1\/","name":"Aticelca","description":"L&#039;associazione dei tecnici cartari italiani","publisher":{"@id":"https:\/\/www.aticelca.it\/1\/#organization"},"potentialAction":[{"@type":"SearchAction","target":{"@type":"EntryPoint","urlTemplate":"https:\/\/www.aticelca.it\/1\/?s={search_term_string}"},"query-input":{"@type":"PropertyValueSpecification","valueRequired":true,"valueName":"search_term_string"}}],"inLanguage":"it-IT"},{"@type":"Organization","@id":"https:\/\/www.aticelca.it\/1\/#organization","name":"Aticelca","url":"https:\/\/www.aticelca.it\/1\/","logo":{"@type":"ImageObject","inLanguage":"it-IT","@id":"https:\/\/www.aticelca.it\/1\/#\/schema\/logo\/image\/","url":"https:\/\/www.aticelca.it\/1\/wp-content\/uploads\/2019\/07\/Aticelca.jpg","contentUrl":"https:\/\/www.aticelca.it\/1\/wp-content\/uploads\/2019\/07\/Aticelca.jpg","width":1890,"height":1417,"caption":"Aticelca"},"image":{"@id":"https:\/\/www.aticelca.it\/1\/#\/schema\/logo\/image\/"}}]}},"_links":{"self":[{"href":"https:\/\/www.aticelca.it\/1\/wp-json\/wp\/v2\/pages\/2422"}],"collection":[{"href":"https:\/\/www.aticelca.it\/1\/wp-json\/wp\/v2\/pages"}],"about":[{"href":"https:\/\/www.aticelca.it\/1\/wp-json\/wp\/v2\/types\/page"}],"author":[{"embeddable":true,"href":"https:\/\/www.aticelca.it\/1\/wp-json\/wp\/v2\/users\/1"}],"replies":[{"embeddable":true,"href":"https:\/\/www.aticelca.it\/1\/wp-json\/wp\/v2\/comments?post=2422"}],"version-history":[{"count":45,"href":"https:\/\/www.aticelca.it\/1\/wp-json\/wp\/v2\/pages\/2422\/revisions"}],"predecessor-version":[{"id":6150,"href":"https:\/\/www.aticelca.it\/1\/wp-json\/wp\/v2\/pages\/2422\/revisions\/6150"}],"up":[{"embeddable":true,"href":"https:\/\/www.aticelca.it\/1\/wp-json\/wp\/v2\/pages\/1419"}],"wp:attachment":[{"href":"https:\/\/www.aticelca.it\/1\/wp-json\/wp\/v2\/media?parent=2422"}],"curies":[{"name":"wp","href":"https:\/\/api.w.org\/{rel}","templated":true}]}}